{"id":891,"date":"2020-03-17T10:16:03","date_gmt":"2020-03-17T10:16:03","guid":{"rendered":"http:\/\/ferienwohnanlage.haususedom.de\/?page_id=891"},"modified":"2020-03-30T11:20:49","modified_gmt":"2020-03-30T11:20:49","slug":"sonneninsel-usedom","status":"publish","type":"page","link":"https:\/\/haususedom.de\/?page_id=891","title":{"rendered":"SonnenInsel Usedom"},"content":{"rendered":"ngg_shortcode_0_placeholder\n<p style=\"text-align: start;\"><strong>Die Sonneninsel Usedom<\/strong>, geh\u00f6rt zu den <strong>sonnenreichsten Regionen<\/strong> Deutschlands und gilt als Geheimtipp <strong>f\u00fcr einen anspruchsvollen Urlaub<\/strong> in einer landschaftlich herrlichen Umgebung mit gesundem Klima.<\/p>\n<p style=\"text-align: start;\">Insel, Sonne, breiter \u00fcber <strong>42 km langer wei\u00dfer breiter Sandstrand<\/strong> von Peenem\u00fcnde bis Ahlbeck mit <strong>Flach- und Steilk\u00fcste<\/strong>, herrlichen <strong>Strandpromenaden<\/strong> zum flanieren, Ostsee, W\u00e4lder, Naturpark, gesundes Klima und Wasser, interessante und vielf\u00e4ltige B\u00e4derarchitektur, Kultur, Usedomer Musikfestival, die Geschichte von Peenem\u00fcnde und als Badewanne der Berliner &#8211; all das und noch vieles mehr, macht Usedom zum <strong>Eldorado f\u00fcr Urlauber, Neuansiedler und Einheimische<\/strong>.<\/p>\n<p style=\"text-align: start;\"><strong>Usedom<\/strong> &#8211; das ist die <strong>Seeb\u00e4derstrecke von Peenem\u00fcnde bis Ahlbeck &#8211; Polen (Swinem\u00fcnde)<\/strong> und das <strong>naturbelassene Achterland mit der Stadt Usedom<\/strong>.<\/p>\n<p style=\"text-align: start;\">Touristisch vermarktet in<strong> Usedomer Inselb\u00e4der<\/strong> (Norden &#8211; Peenem\u00fcnde, Ostseeb\u00e4der Karlshagen, Trassenheide und Zinnowitz), <strong>Usedomer Bernsteinb\u00e4der<\/strong> (Inselmitte &#8211; mit den Seeb\u00e4dern Zempin, Koserow, Loddin\/K\u00f6lpinsee)) und den <strong>Drei Kaiserb\u00e4der<\/strong> (Seeheilb\u00e4der Bansin, Heringsdorf und Ahlbeck) und<strong> Achterland mit der Stadt Usedom<\/strong>.<\/p>\n<p style=\"text-align: start;\">Vom einfachen Ferienzimmer bis hin zu<strong> hochwertigen zertifizierten Ferienwohnungen, Appartements, Hotels bis zu 5 Sternen<\/strong> erwarten die Usedom G\u00e4ste mit vielen Arrangements und Angeboten, wie z.B. Wellness mit hohem Qualit\u00e4tsanspruch. Es gibt auch zahlreiche Campingpl\u00e4tze auf der Insel.<\/p>\n<p style=\"text-align: start;\">Nach Usedom kamen die erste Siedler etwa im 3. Jahrtausend vor Christi, die Mehrzahl der Orte sind slawischen Ursprungs.<\/p>\n<p style=\"text-align: start;\">Usedom hat 16 Kirchen, die \u00e4lteste ist aus dem 13. Jahrhundert.<\/p>\n<p style=\"text-align: start;\">Das Badeleben gibt es seit etwa 160 Jahren, die touristische Erschlie\u00dfung der Insel war und ist ausschlaggebend f\u00fcr die Entwicklung der Insel.<\/p>\n<p style=\"text-align: start;\">Die geografische Entstehung war im Zuge sp\u00e4t- und nacheiszeitlicher Prozesse vor etwa 12.000 Jahren<\/p>\n<p style=\"text-align: start;\">Die Insel Usedom im \u00e4u\u00dfersten Nordosten Deutschlands gelegen, ist mit 445 km\u00b2 (373 km\u00b2 deutscher Teil) etwa halb so gro\u00df wie R\u00fcgen und damit die zweitgr\u00f6\u00dfte, aber sch\u00f6nste&nbsp;Insel Deutschlands.<\/p>\n<p style=\"text-align: start;\">Mit etwa 200 km K\u00fcstenlinie, davon 42 km Au\u00dfenk\u00fcste mit feinsandigen Strand, bis zu 60 m breit, allm\u00e4hlich flach ins Wasser verlaufend, es gibt in den einzelnen Seeb\u00e4dern <strong>Strandabschnitte, Textilstrand, FKK (Freik\u00f6perkultur) und Hundestr\u00e4nde<\/strong>.<\/p>\n<p style=\"text-align: start;\"><strong>13 Binnenseen und Landschaftsschutzgebiet<\/strong>e, die h\u00f6chste Erhebung mit ca. 60 m sind der Streckelsberg bei Koserow und der Golm im s\u00fcdlichen Teil der Insel.<\/p>\n<p style=\"text-align: start;\">Usedom wird im Norden von der Ostsee (Pommersche Bucht), im Westen vom Peenestrom und im Osten von der Swine begrenzt.<\/p>\n<p style=\"text-align: start;\">Usedom verf\u00fcgt \u00fcber gut ausgebautes und ausgeschilderte <strong>Rad-\/Wandernetze<\/strong>, ca. 150 km Radweg. F\u00fcr sportliche Aktivit\u00e4ten stehen Ihnen Fahrr\u00e4der bei diversen Fahrradverleihen zur Verf\u00fcgung.<\/p>\n<p style=\"text-align: start;\">Es gibt auf Usedom <strong>Nordic Walking<\/strong> Strecken, von Klima-Experten vermessenen Terrainwegenetze, die Streckenf\u00fchrung ist beschildert.<\/p>\n<p style=\"text-align: start;\">Die Insel Usedom ist ein ideales <strong>Surf-Revier<\/strong>. Ob auf der Ostsee oder auf dem Achterwasser, es weht immer ein laues L\u00fcftchen. Auch Kiten entlang der Str\u00e4nde ist m\u00f6glich.<\/p>\n<p style=\"text-align: start;\">Im naturbelassenen Hinterland Usedoms erwartet Sie auf der Halbinsel Balm einer der sch\u00f6nsten <strong>Golfpl\u00e4tze<\/strong> im Norden. Direkt am Balmer See gelegen, verf\u00fcgt der 27-Loch-Platz \u00fcber Bahnen mit unterschiedlichen Schwierigkeitsgraden sowie eine Golfschule und Driving-Range.<\/p>\n<p>Auf der Insel Usedom gibt es zahlreiche <strong>Reiterh\u00f6fe.<\/strong> Hier k\u00f6nnen Sie mit Ihrem Pferd Urlaub machen oder sich eines ausleihen und einen Ausritt in das Usedomer Hinterland unternehmen. Auf 200 Kilometern ausgewiesener Reit- und Kutschwege erkunden Sie die unber\u00fchrte Natur der Insel.<\/p>\n<p>Usedom aus der Luft k\u00f6nnen Sie erleben mir <strong>Rundf\u00fcgen<\/strong> vom Flughafen Heringsdorf oder Peenem\u00fcnde sowie vom Mellenthiner Fliegerclub.<\/p>\n<p>Viele <strong>Freizeitangebote und Ausflugsm\u00f6glichkeiten<\/strong> bieten sich Ihnen, wie das <strong>Museum und U-Boot in Peenem\u00fcnde<\/strong>, Erlebnis Dorf <strong>Karls Erdbeerhof<\/strong> im Ostseebad Koserow, Europas gr\u00f6\u00dfte <strong>Schmetterlingsfarm<\/strong> in Trassenheide, das <strong>Wisentgehege<\/strong> in Pr\u00e4tenow, <strong>Tauchgondel in Zinnowitz<\/strong>, <strong>Golfplatz am Balmer See<\/strong>, <strong>Strau\u00dfenfarm<\/strong> in Neppermin, Inselsafari zu Land oder zu Wasser uvm. oder <strong>Ausflugsfahrten von den Seebr\u00fccken<\/strong> der Seeb\u00e4der (u.a. in Heringsdorf l\u00e4ngste Seebr\u00fccke Kontinentaleuropas, inkl. Eingangsgeb\u00e4ude 508 Meter lang oder der Historischen Seebr\u00fccke in Ahlbeck (1898), mit den Adler-Schiffen.<\/p>\n<p><strong>Zahlreiche Hafen-, Seebr\u00fccken- und Strandfeste<\/strong> sowie Wochen- und Tr\u00f6delm\u00e4rkte erg\u00e4nzen das Angebot.<\/p>\n<p><strong>Kulturelle Veranstaltungen<\/strong> finden Sie bei den Vineta-Festspiele und der Blechb\u00fcchse in Zinnowitz, Usedomer Musikfestival, im Seebad Heringsdorf Modeevent im Fr\u00fchjahr und Herbst Baltic Fashion Award, Theaterzelt Chapeau Rouge. In Heringsdorf gibt es eine Spielbank.<\/p>\n<p>Im Seebad Ahlbeck steht Ihnen bei etwas schlechterem Wetter oder in den Nichtsommermonaten die <strong>OsteeTherme USEDOM<\/strong> mit ihrem heilsames Thermalwasser, die \u201eHeringsdorfer Jodsole&#8221; das mit 17 \u00b0C aus einer eigenen Quelle gewonnen wird, zur Verf\u00fcgung.<\/p>\n<p>Genie\u00dfen auch Sie die Kraft und W\u00e4rme des Thermalwassers in seiner ganzen Vielfalt in der <strong>OstseeTherme Usedom<\/strong>. Wohlf\u00fchlen \u2013 Eintauchen &amp; Entspannen, viel Spa\u00df erleben in der Badelandschaft mit einer Gesamtwasserfl\u00e4che von 753 m\u00b2, 5 Innenbecken und 1 Au\u00dfenbecken.<\/p>\n<p>Ein weitere Bad gib es mit der <strong>Bersteintherme in Zinnowitz<br \/>\n<\/strong>Gro\u00dfz\u00fcgig und farbenfroh zeigt sich die Bade- und Saunalandschaft, ganz an der Natur orientiert, die die Faszination des Bernsteins wiederspiegelt. Meerwasserbad, Therme, Strandsauna und Kegel- sowie Kugelbar stehen Ihnen zur Verf\u00fcgung.<\/p>\n<p>..<strong> und so erreichen Sie die Insel Usedom<\/strong><\/p>\n<p>Verkehrstechnisch erreichen Sie Usedom \u00fcber zwei Br\u00fccken in Wolgast und Zecherin, die mehrmals am Tag f\u00fcr den Schiffsverkehr ge\u00f6ffnet werden (Br\u00fccken\u00f6ffnungszeiten je ca. 20-30 min. beachten)<\/p>\n<p><strong>Mit dem Auto<\/strong> \u00fcber die A 20, von Westen kommend (Hamburg) bis Abfahrt G\u00fctzkow (27), auf der B 111 nach Wolgast (Br\u00fccken\u00f6ffnungszeiten beachten!) und weiter auf die Insel,<\/p>\n<p>in den Norden und Mitte der Insel (Peenem\u00fcnde, Karlshagen, Trassenheide, Zinnowitz, und Bersteinb\u00e4der (Zempin, Koserow, Loddin\/K\u00f6lpinsee, \u00dcckeritz)<\/p>\n<p>oder von S\u00fcden kommend (Berlin) A 20 Abfahrt Friedland (33), weiter \u00fcber die B 197 nach Anklam B109\/B110 \u00fcber Zecherin (Br\u00fccken\u00f6ffnungszeiten!)\/ Stadt Usedom (f\u00fcr den s\u00fcdlichen Teil Usedoms (Stadt Usedom, Ahlbeck, Heringsdorf, Bansin, Achterland, polnischer Teil)<\/p>\n<p><strong>Per Bahn<\/strong> \u00fcber Berlin-Z\u00fcssow oder \u00fcber Hamburg-Stralsund mit Anschluss an die Usedomer B\u00e4derbahn.<\/p>\n<p>Die <strong>UBB<\/strong> f\u00e4hrt auf die Insel Usedom von Stralsund &#8211; Z\u00fcssow &#8211; Wolgast &#8211;&nbsp;&nbsp; und in \u00f6stlicher Richtung&nbsp;bis Ahlbeck und nach Polen (1,4 km bis Swinoujsce seit dem 20.09.2008).<\/p>\n<p><strong>Fluganbindung<\/strong> nach Usedom \u00fcber den Flughafen Heringsdorf<\/p>\n<p>&#8211; mit der Lufthansa von D\u00fcsseldorf (DUS) zur Insel Usedom<\/p>\n<p>&#8211; mit der OLT ab M\u00fcnchen, K\u00f6ln, Frankfurt\/Main, Bremen, Dortmund.<\/p>\n<p>&#8211; oder mit LTS (mit dem gr\u00f6\u00dften Doppeldecker der Welt) in 50 min von Berlin nach Usedom.<\/p>\nngg_shortcode_1_placeholder\n","protected":false},"excerpt":{"rendered":"<p>Die Sonneninsel Usedom, geh\u00f6rt zu den sonnenreichsten Regionen Deutschlands und gilt als Geheimtipp f\u00fcr einen anspruchsvollen Urlaub in einer landschaftlich herrlichen Umgebung mit gesundem Klima. Insel, Sonne, breiter \u00fcber 42 km langer wei\u00dfer breiter Sandstrand &#8230;<\/p>\n","protected":false},"author":1,"featured_media":1066,"parent":363,"menu_order":0,"comment_status":"closed","ping_status":"closed","template":"template\/page-fullwidth.php","meta":{"_exactmetrics_skip_tracking":false,"_exactmetrics_sitenote_active":false,"_exactmetrics_sitenote_note":"","_exactmetrics_sitenote_category":0,"_monsterinsights_skip_tracking":false,"_monsterinsights_sitenote_active":false,"_monsterinsights_sitenote_note":"","_monsterinsights_sitenote_category":0,"ngg_post_thumbnail":0,"footnotes":""},"class_list":["post-891","page","type-page","status-publish","has-post-thumbnail","hentry"],"aioseo_notices":[],"_links":{"self":[{"href":"https:\/\/haususedom.de\/index.php?rest_route=\/wp\/v2\/pages\/891"}],"collection":[{"href":"https:\/\/haususedom.de\/index.php?rest_route=\/wp\/v2\/pages"}],"about":[{"href":"https:\/\/haususedom.de\/index.php?rest_route=\/wp\/v2\/types\/page"}],"author":[{"embeddable":true,"href":"https:\/\/haususedom.de\/index.php?rest_route=\/wp\/v2\/users\/1"}],"replies":[{"embeddable":true,"href":"https:\/\/haususedom.de\/index.php?rest_route=%2Fwp%2Fv2%2Fcomments&post=891"}],"version-history":[{"count":13,"href":"https:\/\/haususedom.de\/index.php?rest_route=\/wp\/v2\/pages\/891\/revisions"}],"predecessor-version":[{"id":1093,"href":"https:\/\/haususedom.de\/index.php?rest_route=\/wp\/v2\/pages\/891\/revisions\/1093"}],"up":[{"embeddable":true,"href":"https:\/\/haususedom.de\/index.php?rest_route=\/wp\/v2\/pages\/363"}],"wp:featuredmedia":[{"embeddable":true,"href":"https:\/\/haususedom.de\/index.php?rest_route=\/wp\/v2\/media\/1066"}],"wp:attachment":[{"href":"https:\/\/haususedom.de\/index.php?rest_route=%2Fwp%2Fv2%2Fmedia&parent=891"}],"curies":[{"name":"wp","href":"https:\/\/api.w.org\/{rel}","templated":true}]}}