{"id":579,"date":"2020-03-02T12:42:12","date_gmt":"2020-03-02T12:42:12","guid":{"rendered":"http:\/\/ferienwohnanlage.haususedom.de\/?page_id=579"},"modified":"2021-01-20T11:52:26","modified_gmt":"2021-01-20T11:52:26","slug":"freizeittips","status":"publish","type":"page","link":"https:\/\/haususedom.de\/?page_id=579","title":{"rendered":"Freizeittipps"},"content":{"rendered":"\r\nngg_shortcode_0_placeholder\r\n<p>Die<strong> Sonneninsel Usedom<\/strong>, geh\u00f6rt zu den <strong>sonnenreichsten Regionen Deutschlands<\/strong> und gilt als Geheimtipp f\u00fcr einen anspruchsvollen Urlaub in einer landschaftlich herrlichen Umgebung mit <strong>gesundem Reiz-Klima<\/strong>. Usedom verf\u00fcgt \u00fcber ein <strong>gut ausgebautes Rad-\/Wandernetz, z.Zt. \u00fcber ca. 200 km<\/strong>. F\u00fcr s<strong>portliche Aktivit\u00e4ten stehen Ihnen Fahrr\u00e4der bei uns zum Verleih<\/strong> zur Verf\u00fcgung.<\/p>\r\n\r\n\r\n\r\n<p><strong>Usedom aus der Luft<\/strong> k\u00f6nnen Sie erleben vom Flughafen Heringsdorf oder Peenem\u00fcnde sowie vom Mellenthiner Fliegerclub.<\/p>\r\n\r\n\r\n\r\n<p>Viele <strong>Freizeitangebote und Ausflugsm\u00f6glickeiten<\/strong> bieten sich Ihnen, wie das <strong>Museeum (HTI) und U-Boot in Peenem\u00fcnde<\/strong>, <strong>Karniner Eisenbahn-Hubbr\u00fccke<\/strong>, Burgwall und <strong>Gedenkst\u00e4tte am Golm<\/strong> mit seine 60 m nahe Kamminke,<strong> Holl\u00e4nder Windm\u00fchle in Benz<\/strong> oder die <strong>Bockwindm\u00fchle in Neppermin<\/strong>, oder die <strong>h\u00f6chste Erhebung an der Ostseek\u00fcste<\/strong> <strong>der Sreckelsberg mit seinen 60 m<\/strong>&nbsp;im Ostseebad Koserow<strong>, sowie Kars Erdbeerhof, Europas gr\u00f6\u00dfte Schmetterlingsfarm<\/strong> in Trassenheide, das <strong>Wisentgehege<\/strong> in Pr\u00e4tenow, <strong> Tauchgondel<\/strong> in Zinnowitz, <strong>Golfplatz am Balmer See<\/strong>,<strong> Strau\u00dfenfarm<\/strong>in Neppermin, Inselsafarizu Land oder zu Wasser uvm.<\/p>\r\n\r\n\r\n\r\n<p>Kulturelle Veranstaltungen finden Sie bei den <strong>Vinetafestspiele in Zinnowitz<\/strong>, Usedomer <strong>Musikfestval, Modeevent<\/strong> im Fr\u00fchjahr und Herbst Baltic Fashion Awards, <strong>Teatherzelt Chapeau Rouge<\/strong> in Seebad Heringsdorf.&nbsp;&nbsp;<\/p>\r\n\r\n\r\n\r\n<p>Im nahegelegenem Seebad Ahlbeck steht Ihnen bei etwas schlechterem Wetter oder in den<strong> Nichtsommermonaten die OsteeTherme USEDOM<\/strong> mit ihrem heilsames Thermalwasser, die \u201eHeringsdorfer Jodsole\u201c das mit 17 \u00b0C aus einer eigenen Quelle gewonnen wird, zur Verf\u00fcgung. Genie\u00dfen auch Sie die Kraft und W\u00e4rme des Thermalwassers in seiner ganzen Vielfalt in der <strong>OstseeTherme Usedom<\/strong>. Wohlf\u00fchlen \u2013 Eintauchen &amp; Entspannen, viel Spa\u00df in der Badelandschaft mit einer Gesamtwasserfl\u00e4che von 753 m\u00b2, 5 Innenbecken und 1 Au\u00dfenbecken.<\/p>\r\nngg_shortcode_1_placeholder\r\n","protected":false},"excerpt":{"rendered":"<p>Die Sonneninsel Usedom, geh\u00f6rt zu den sonnenreichsten Regionen Deutschlands und gilt als Geheimtipp f\u00fcr einen anspruchsvollen Urlaub in einer landschaftlich herrlichen Umgebung mit gesundem Reiz-Klima. Usedom verf\u00fcgt \u00fcber ein gut ausgebautes Rad-\/Wandernetz, z.Zt. \u00fcber ca. &#8230;<\/p>\n","protected":false},"author":1,"featured_media":982,"parent":363,"menu_order":0,"comment_status":"closed","ping_status":"closed","template":"template\/page-fullwidth.php","meta":{"_exactmetrics_skip_tracking":false,"_exactmetrics_sitenote_active":false,"_exactmetrics_sitenote_note":"","_exactmetrics_sitenote_category":0,"_monsterinsights_skip_tracking":false,"_monsterinsights_sitenote_active":false,"_monsterinsights_sitenote_note":"","_monsterinsights_sitenote_category":0,"ngg_post_thumbnail":0,"footnotes":""},"class_list":["post-579","page","type-page","status-publish","has-post-thumbnail","hentry"],"aioseo_notices":[],"_links":{"self":[{"href":"https:\/\/haususedom.de\/index.php?rest_route=\/wp\/v2\/pages\/579"}],"collection":[{"href":"https:\/\/haususedom.de\/index.php?rest_route=\/wp\/v2\/pages"}],"about":[{"href":"https:\/\/haususedom.de\/index.php?rest_route=\/wp\/v2\/types\/page"}],"author":[{"embeddable":true,"href":"https:\/\/haususedom.de\/index.php?rest_route=\/wp\/v2\/users\/1"}],"replies":[{"embeddable":true,"href":"https:\/\/haususedom.de\/index.php?rest_route=%2Fwp%2Fv2%2Fcomments&post=579"}],"version-history":[{"count":14,"href":"https:\/\/haususedom.de\/index.php?rest_route=\/wp\/v2\/pages\/579\/revisions"}],"predecessor-version":[{"id":1170,"href":"https:\/\/haususedom.de\/index.php?rest_route=\/wp\/v2\/pages\/579\/revisions\/1170"}],"up":[{"embeddable":true,"href":"https:\/\/haususedom.de\/index.php?rest_route=\/wp\/v2\/pages\/363"}],"wp:featuredmedia":[{"embeddable":true,"href":"https:\/\/haususedom.de\/index.php?rest_route=\/wp\/v2\/media\/982"}],"wp:attachment":[{"href":"https:\/\/haususedom.de\/index.php?rest_route=%2Fwp%2Fv2%2Fmedia&parent=579"}],"curies":[{"name":"wp","href":"https:\/\/api.w.org\/{rel}","templated":true}]}}