{"id":51,"date":"2020-01-30T10:44:29","date_gmt":"2020-01-30T10:44:29","guid":{"rendered":"http:\/\/ferienwohnanlage.haususedom.de\/?page_id=51"},"modified":"2024-09-06T04:16:00","modified_gmt":"2024-09-06T04:16:00","slug":"ferienwohnanlage-haus-usedom","status":"publish","type":"page","link":"https:\/\/haususedom.de\/","title":{"rendered":"Home"},"content":{"rendered":"<div id=\"page\">\r\n<div id=\"rahmen\">\r\n<div id=\"middle\">\r\n<div id=\"content\">\r\n<div class=\"csc-textpic-text\">\r\n<div class=\"bodytext\">\r\n<div><br>Das Ostseebad K\u00f6lpinsee liegt an einem sehr sch\u00f6nen Binnensee und wird gepr\u00e4gt durch eine vollendet harmonische Verbindung von Ostsee und Rotbuchenwald. K\u00f6lpinsee zeichnet sich teilweise durch eine steil zum Meer abfallende Kliffk\u00fcste, jedoch \u00fcberwiegend flachen Zugang zum Strand und Meer, sowie den breiten, wei\u00dfen und steinfreien Ostseestrand aus.<br><br><\/div>\r\n<\/div>\r\n<\/div>\r\n<\/div>\r\n<\/div>\r\n<\/div>\r\n<\/div>\r\n\r\n<figure class=\"wp-block-gallery columns-3 is-cropped wp-block-gallery-1 is-layout-flex wp-block-gallery-is-layout-flex\">\r\n<ul class=\"blocks-gallery-grid\">\r\n<li class=\"blocks-gallery-item\">\r\n<figure><a href=\"https:\/\/haususedom.de\/wp-content\/uploads\/2020\/02\/haus_usedom_3.jpg\"><img loading=\"lazy\" decoding=\"async\" width=\"720\" height=\"480\" class=\"wp-image-347\" src=\"https:\/\/haususedom.de\/wp-content\/uploads\/2020\/02\/haus_usedom_3.jpg\" alt=\"\" data-id=\"347\" data-link=\"https:\/\/haususedom.de\/?attachment_id=347\" srcset=\"https:\/\/haususedom.de\/wp-content\/uploads\/2020\/02\/haus_usedom_3.jpg 720w, https:\/\/haususedom.de\/wp-content\/uploads\/2020\/02\/haus_usedom_3-300x200.jpg 300w\" sizes=\"(max-width: 720px) 100vw, 720px\" \/><\/a>\r\n<figcaption class=\"blocks-gallery-item__caption\">Haus USEDOM<\/figcaption>\r\n<\/figure>\r\n<\/li>\r\n<li class=\"blocks-gallery-item\">\r\n<figure><a href=\"https:\/\/haususedom.de\/wp-content\/uploads\/2020\/02\/appartement1.jpg\"><img loading=\"lazy\" decoding=\"async\" width=\"718\" height=\"480\" class=\"wp-image-499\" src=\"https:\/\/haususedom.de\/wp-content\/uploads\/2020\/02\/appartement1.jpg\" alt=\"2-Raum.Appartement\" data-id=\"499\" data-link=\"https:\/\/haususedom.de\/?attachment_id=499\" srcset=\"https:\/\/haususedom.de\/wp-content\/uploads\/2020\/02\/appartement1.jpg 718w, https:\/\/haususedom.de\/wp-content\/uploads\/2020\/02\/appartement1-300x201.jpg 300w\" sizes=\"(max-width: 718px) 100vw, 718px\" \/><\/a>\r\n<figcaption class=\"blocks-gallery-item__caption\">2-Raum-Appartement<\/figcaption>\r\n<\/figure>\r\n<\/li>\r\n<li class=\"blocks-gallery-item\">\r\n<figure><a href=\"https:\/\/haususedom.de\/wp-content\/uploads\/2020\/03\/koelpinsee_s3.jpg\"><img loading=\"lazy\" decoding=\"async\" width=\"640\" height=\"480\" class=\"wp-image-741\" src=\"https:\/\/haususedom.de\/wp-content\/uploads\/2020\/03\/koelpinsee_s3.jpg\" alt=\"\" data-id=\"741\" data-full-url=\"https:\/\/haususedom.de\/wp-content\/uploads\/2020\/03\/koelpinsee_s3.jpg\" data-link=\"https:\/\/haususedom.de\/?attachment_id=741\" srcset=\"https:\/\/haususedom.de\/wp-content\/uploads\/2020\/03\/koelpinsee_s3.jpg 640w, https:\/\/haususedom.de\/wp-content\/uploads\/2020\/03\/koelpinsee_s3-267x200.jpg 267w\" sizes=\"(max-width: 640px) 100vw, 640px\" \/><\/a>\r\n<figcaption class=\"blocks-gallery-item__caption\">Der K\u00f6lpinsee<\/figcaption>\r\n<\/figure>\r\n<\/li>\r\n<\/ul>\r\n<\/figure>\r\n","protected":false},"excerpt":{"rendered":"<p>Das Ostseebad K\u00f6lpinsee liegt an einem sehr sch\u00f6nen Binnensee und wird gepr\u00e4gt durch eine vollendet harmonische Verbindung von Ostsee und Rotbuchenwald. K\u00f6lpinsee zeichnet sich teilweise durch eine steil zum Meer abfallende Kliffk\u00fcste, jedoch \u00fcberwiegend flachen &#8230;<\/p>\n","protected":false},"author":1,"featured_media":306,"parent":0,"menu_order":0,"comment_status":"closed","ping_status":"closed","template":"template\/template-homepage.php","meta":{"_exactmetrics_skip_tracking":false,"_exactmetrics_sitenote_active":false,"_exactmetrics_sitenote_note":"","_exactmetrics_sitenote_category":0,"_monsterinsights_skip_tracking":false,"_monsterinsights_sitenote_active":false,"_monsterinsights_sitenote_note":"","_monsterinsights_sitenote_category":0,"ngg_post_thumbnail":0,"footnotes":""},"class_list":["post-51","page","type-page","status-publish","has-post-thumbnail","hentry"],"aioseo_notices":[],"_links":{"self":[{"href":"https:\/\/haususedom.de\/index.php?rest_route=\/wp\/v2\/pages\/51"}],"collection":[{"href":"https:\/\/haususedom.de\/index.php?rest_route=\/wp\/v2\/pages"}],"about":[{"href":"https:\/\/haususedom.de\/index.php?rest_route=\/wp\/v2\/types\/page"}],"author":[{"embeddable":true,"href":"https:\/\/haususedom.de\/index.php?rest_route=\/wp\/v2\/users\/1"}],"replies":[{"embeddable":true,"href":"https:\/\/haususedom.de\/index.php?rest_route=%2Fwp%2Fv2%2Fcomments&post=51"}],"version-history":[{"count":29,"href":"https:\/\/haususedom.de\/index.php?rest_route=\/wp\/v2\/pages\/51\/revisions"}],"predecessor-version":[{"id":1240,"href":"https:\/\/haususedom.de\/index.php?rest_route=\/wp\/v2\/pages\/51\/revisions\/1240"}],"wp:featuredmedia":[{"embeddable":true,"href":"https:\/\/haususedom.de\/index.php?rest_route=\/wp\/v2\/media\/306"}],"wp:attachment":[{"href":"https:\/\/haususedom.de\/index.php?rest_route=%2Fwp%2Fv2%2Fmedia&parent=51"}],"curies":[{"name":"wp","href":"https:\/\/api.w.org\/{rel}","templated":true}]}}