{"id":398,"date":"2020-02-19T09:51:14","date_gmt":"2020-02-19T09:51:14","guid":{"rendered":"http:\/\/ferienwohnanlage.haususedom.de\/?page_id=398"},"modified":"2020-03-20T16:07:49","modified_gmt":"2020-03-20T16:07:49","slug":"seebad-loddin-ot-koelpinsee","status":"publish","type":"page","link":"https:\/\/haususedom.de\/?page_id=398","title":{"rendered":"Seebad Loddin\/ OT K\u00f6lpinsee"},"content":{"rendered":"\r\nngg_shortcode_0_placeholder\r\n<p style=\"text-align: start;\"><br><strong>DEREINST GAB ES HIER LACHS ZUHAUF<\/strong><br><br><strong>Seebad K\u00f6lpinsee <\/strong>entstand als Ort an der K\u00fcste aus einem kleinen, \u00e4lteren Dorf landeinw\u00e4rts. Es liegt an einem sehr <strong>sch\u00f6nen Binnensee <\/strong>und wird gepr\u00e4gt durch eine vollendet<strong> harmonische Verbindun<\/strong>g <strong>von Meer und Rotbuchenwald<\/strong>. K\u00f6lpinsee zeichnet sich teilweise durch eine steil zum Meer abfallende Kliffk\u00fcste,<strong> sowie den breiten, wei\u00dfen und steinfreien Ostseestrand <\/strong>aus. <br><br>An Stelle des <strong>heutigen K\u00f6lpinsee <\/strong>gab es in \u00e4lterer Zeit eine Siedlung namens Colpin. Sie wurde aber <strong>im Drei\u00dfigj\u00e4hrigen Krieg <\/strong>1630 <strong>vollst\u00e4ndig dem Erdboden gleichgemacht<\/strong>. <br><br><strong>Der Schwanensee<\/strong> (33 ha) mit der Schwaneninsel war eine ehemalige Bucht der Ostsee. Durch Versandung wurde der Strandsee vom Meer abgetrennt und s\u00fc\u00dfte aus. Erst sp\u00e4ter <strong>erhielt<\/strong> er <strong>seinen jetzigen Namen K\u00f6lpinsee<\/strong>. Als Gr\u00fcnder des gleichnamigen Seebades wird heute Carl Prutz betrachtet, der 1896 hier ein Hotel errichtete.&nbsp;&nbsp; <br><br>Die<strong> &#8220;Mutter&#8221; des Seebades <\/strong>ist jedoch das<strong> Dorf Loddin<\/strong>, das zu unrecht namentlich weniger bekannt ist. Reetgedeckte H\u00e4user, alte Kopfweiden<strong> am stillen Achterwasser<\/strong> und vor allem das s\u00fcdlich dem Dorf vorgelagerte &#8220;Loddiner H\u00f6ft&#8221;, ein sandiger, gewellter R\u00fccken von reichlich 22 m H\u00f6he, zeichnen diese Landschaft aus. Als H\u00f6ft oder Hoewt bezeichneten die Slawen h\u00f6her gelegene Uferst\u00fccken (Flurname). <br><br>Von hier hat man nach Nordwesten einen reizvollen Ausblick auf die Halbinseln Gnitz und G\u00f6rmitz, s\u00fcd\u00f6stlich auf den &#8220;Rauhen Berg&#8221; von Pudagla und den Hafen Stagnies, im S\u00fcdwesten erblickt das Auge den Lieper Winkel. Die Spitze des H\u00f6ft nennt man &#8220;Galgenberg&#8221;. Er wird von einem Flachwasser, dem Wussow, umspielt. <br><br><strong>ROMANTIK PUR<\/strong> &#8211; solch <strong>ein Sonnenuntergang <\/strong>kann man wohl nur <strong>hier auf dem Loddiner H\u00f6ft erleben<\/strong>. <br><br>Das <strong>Wandgem\u00e4lde am Haus Usedom <\/strong>stellt <strong>Fischeridylle<\/strong> dar, wie es die G\u00e4ste m\u00f6gen. Zwischen K\u00f6lpinsee und \u00dcckeritz gibt es <strong>heute noch einen ergiebigen Fischfang<\/strong>.<br><br><\/p>\r\n","protected":false},"excerpt":{"rendered":"<p>DEREINST GAB ES HIER LACHS ZUHAUF Seebad K\u00f6lpinsee entstand als Ort an der K\u00fcste aus einem kleinen, \u00e4lteren Dorf landeinw\u00e4rts. Es liegt an einem sehr sch\u00f6nen Binnensee und wird gepr\u00e4gt durch eine vollendet harmonische Verbindung &#8230;<\/p>\n","protected":false},"author":1,"featured_media":1059,"parent":363,"menu_order":0,"comment_status":"closed","ping_status":"closed","template":"template\/page-fullwidth.php","meta":{"_exactmetrics_skip_tracking":false,"_exactmetrics_sitenote_active":false,"_exactmetrics_sitenote_note":"","_exactmetrics_sitenote_category":0,"_monsterinsights_skip_tracking":false,"_monsterinsights_sitenote_active":false,"_monsterinsights_sitenote_note":"","_monsterinsights_sitenote_category":0,"ngg_post_thumbnail":0,"footnotes":""},"class_list":["post-398","page","type-page","status-publish","has-post-thumbnail","hentry"],"aioseo_notices":[],"_links":{"self":[{"href":"https:\/\/haususedom.de\/index.php?rest_route=\/wp\/v2\/pages\/398"}],"collection":[{"href":"https:\/\/haususedom.de\/index.php?rest_route=\/wp\/v2\/pages"}],"about":[{"href":"https:\/\/haususedom.de\/index.php?rest_route=\/wp\/v2\/types\/page"}],"author":[{"embeddable":true,"href":"https:\/\/haususedom.de\/index.php?rest_route=\/wp\/v2\/users\/1"}],"replies":[{"embeddable":true,"href":"https:\/\/haususedom.de\/index.php?rest_route=%2Fwp%2Fv2%2Fcomments&post=398"}],"version-history":[{"count":10,"href":"https:\/\/haususedom.de\/index.php?rest_route=\/wp\/v2\/pages\/398\/revisions"}],"predecessor-version":[{"id":1014,"href":"https:\/\/haususedom.de\/index.php?rest_route=\/wp\/v2\/pages\/398\/revisions\/1014"}],"up":[{"embeddable":true,"href":"https:\/\/haususedom.de\/index.php?rest_route=\/wp\/v2\/pages\/363"}],"wp:featuredmedia":[{"embeddable":true,"href":"https:\/\/haususedom.de\/index.php?rest_route=\/wp\/v2\/media\/1059"}],"wp:attachment":[{"href":"https:\/\/haususedom.de\/index.php?rest_route=%2Fwp%2Fv2%2Fmedia&parent=398"}],"curies":[{"name":"wp","href":"https:\/\/api.w.org\/{rel}","templated":true}]}}