{"id":363,"date":"2020-02-18T12:49:14","date_gmt":"2020-02-18T12:49:14","guid":{"rendered":"http:\/\/ferienwohnanlage.haususedom.de\/?page_id=363"},"modified":"2021-01-20T11:51:08","modified_gmt":"2021-01-20T11:51:08","slug":"freizeittips","status":"publish","type":"page","link":"https:\/\/haususedom.de\/?page_id=363","title":{"rendered":"Tipps &#038; Infos"},"content":{"rendered":"\r\n<p>Die Sonneninsel Usedom, geh\u00f6rt zu den sonnenreichsten Regionen Deutschlands und gilt als Geheimtipp f\u00fcr einen anspruchsvollen Urlaub in einer landschaftlich herrlichen Umgebung mit gesundem Reiz-Klima. Usedom verf\u00fcgt \u00fcber ein gut ausgebautes Rad-\/Wandernetz, z.Zt. ca. 150 km. F\u00fcr sportliche Aktivit\u00e4ten stehen Ihnen Fahrr\u00e4der bei uns zum Verleih zur Verf\u00fcgung. <br><br>Usedom aus der Luft k\u00f6nnen Sie erleben vom Flughafen Heringsdorf oder Peenem\u00fcnde sowie vom Mellenthiner Fliegerclub. <br><br>Viele Freizeitangebote und Ausflugsm\u00f6glickeiten bieten sich Ihnen, wie das Museeum (HTI) und U-Boot in Peenem\u00fcnde, die \u00d6ffnet einen internen Link im aktuellen Fenster Karniner Eisenbahn-Hubbr\u00fccke, \u00d6ffnet einen internen Link im aktuellen Fenster Burgwall und Gedenkst\u00e4tte am Golm mit seine 60 m nahe Kamminke, Holl\u00e4nder Windm\u00fchle in Benz oder die Bockwindm\u00fchle in Neppermin, oder die h\u00f6chste Erhebung an der Ostseek\u00fcste &#8211; dem \u00d6ffnet einen internen Link im aktuellen Fensterm Streckelsberg mit seinen 60 m in Koserow. Europas gr\u00f6\u00dfte Schmetterlingsfarm in Trassenheide, das Wisentgehege in Pr\u00e4tenow, Tauchgondel in Zinnowitz, Golfplatz am Balmer See, Strau\u00dfenfarm in Neppermin, Inselsafari zu Land oder zu Wasser uvm. <br><br>Kulturelle Veranstaltungen finden Sie bei den Vinetafestspiele in Zinnowitz, Usedomer Musikfestval, Modeevent im Fr\u00fchjahr und Herbst Baltic Fashion Awards, Teatherzelt Chapeau Rouge in Seebad Heringsdorf.&nbsp;&nbsp; <br><br>Im nahegelegenem Seebad Ahlbeck steht Ihnen bei etwas schlechterem Wetter oder in den Nichtsommermonaten die OsteeTherme USEDOM mit ihrem heilsames Thermalwasser, die \u201eHeringsdorfer Jodsole\u201c das mit 17 \u00b0C aus einer eigenen Quelle gewonnen wird, zur Verf\u00fcgung. Genie\u00dfen auch Sie die Kraft und W\u00e4rme des Thermalwassers in seiner ganzen Vielfalt in der OstseeTherme Usedom. Wohlf\u00fchlen \u2013 Eintauchen &amp; Entspannen, viel Spa\u00df in der Badelandschaft mit einer Gesamtwasserfl\u00e4che von 753 m\u00b2, 5 Innenbecken und 1 Au\u00dfenbecken.<\/p>\r\n","protected":false},"excerpt":{"rendered":"<p>Die Sonneninsel Usedom, geh\u00f6rt zu den sonnenreichsten Regionen Deutschlands und gilt als Geheimtipp f\u00fcr einen anspruchsvollen Urlaub in einer landschaftlich herrlichen Umgebung mit gesundem Reiz-Klima. Usedom verf\u00fcgt \u00fcber ein gut ausgebautes Rad-\/Wandernetz, z.Zt. ca. 150 &#8230;<\/p>\n","protected":false},"author":1,"featured_media":0,"parent":0,"menu_order":0,"comment_status":"closed","ping_status":"closed","template":"template\/page-fullwidth.php","meta":{"_exactmetrics_skip_tracking":false,"_exactmetrics_sitenote_active":false,"_exactmetrics_sitenote_note":"","_exactmetrics_sitenote_category":0,"_monsterinsights_skip_tracking":false,"_monsterinsights_sitenote_active":false,"_monsterinsights_sitenote_note":"","_monsterinsights_sitenote_category":0,"ngg_post_thumbnail":0,"footnotes":""},"class_list":["post-363","page","type-page","status-publish","hentry"],"aioseo_notices":[],"_links":{"self":[{"href":"https:\/\/haususedom.de\/index.php?rest_route=\/wp\/v2\/pages\/363"}],"collection":[{"href":"https:\/\/haususedom.de\/index.php?rest_route=\/wp\/v2\/pages"}],"about":[{"href":"https:\/\/haususedom.de\/index.php?rest_route=\/wp\/v2\/types\/page"}],"author":[{"embeddable":true,"href":"https:\/\/haususedom.de\/index.php?rest_route=\/wp\/v2\/users\/1"}],"replies":[{"embeddable":true,"href":"https:\/\/haususedom.de\/index.php?rest_route=%2Fwp%2Fv2%2Fcomments&post=363"}],"version-history":[{"count":11,"href":"https:\/\/haususedom.de\/index.php?rest_route=\/wp\/v2\/pages\/363\/revisions"}],"predecessor-version":[{"id":1169,"href":"https:\/\/haususedom.de\/index.php?rest_route=\/wp\/v2\/pages\/363\/revisions\/1169"}],"wp:attachment":[{"href":"https:\/\/haususedom.de\/index.php?rest_route=%2Fwp%2Fv2%2Fmedia&parent=363"}],"curies":[{"name":"wp","href":"https:\/\/api.w.org\/{rel}","templated":true}]}}