{"id":333,"date":"2020-02-18T11:31:21","date_gmt":"2020-02-18T11:31:21","guid":{"rendered":"http:\/\/ferienwohnanlage.haususedom.de\/?page_id=333"},"modified":"2026-04-07T10:26:54","modified_gmt":"2026-04-07T10:26:54","slug":"haus-usedom","status":"publish","type":"page","link":"https:\/\/haususedom.de\/?page_id=333","title":{"rendered":"Ferienwohnanlage Haus USEDOM"},"content":{"rendered":"<p><!--more--><\/p>\r\n<p>&nbsp;<\/p>\r\n\r\n<p>Willkommen zu erlebnisreichen Urlaubstagen im &#8220;HAUS USEDOM&#8221;, einem Haus, in dem man sich sofort wohl f\u00fchlt. Unsere Hotels und Fahrzeuge werden mit \u00d6KO-Strom versorgt!<br><br>Die Ferienwohnanlage HAUS USEDOM *** 2-Raum-Appartements f\u00fcr bis zu 6 Personen *** <br><br>liegt in K\u00f6lpinsees sch\u00f6nster Lage, direkt am Kurpark, 200 m zum K\u00f6lpinsee, 300 m zur rauschenden Ostsee, dem steinfreien wei\u00dfen Strand, auch FKK und unmittelbar am duftenden Buchenwald.<br>\r\n\r\n<\/p>\r\n<figure class=\"wp-block-gallery aligncenter columns-3 is-cropped wp-block-gallery-1 is-layout-flex wp-block-gallery-is-layout-flex\">\r\n<ul class=\"blocks-gallery-grid\">\r\n<li class=\"blocks-gallery-item\">\r\n<figure><img loading=\"lazy\" decoding=\"async\" width=\"720\" height=\"480\" class=\"wp-image-347\" src=\"http:\/\/ferienwohnanlage.haususedom.de\/wp-content\/uploads\/2020\/02\/haus_usedom_3.jpg\" alt=\"\" data-id=\"347\" data-link=\"http:\/\/ferienwohnanlage.haususedom.de\/?attachment_id=347\" data-full-url=\"http:\/\/ferienwohnanlage.haususedom.de\/wp-content\/uploads\/2020\/02\/haus_usedom_3.jpg\" srcset=\"https:\/\/haususedom.de\/wp-content\/uploads\/2020\/02\/haus_usedom_3.jpg 720w, https:\/\/haususedom.de\/wp-content\/uploads\/2020\/02\/haus_usedom_3-300x200.jpg 300w\" sizes=\"(max-width: 720px) 100vw, 720px\" \/>\r\n<figcaption class=\"blocks-gallery-item__caption\">Haus USEDOM<\/figcaption>\r\n<\/figure>\r\n<\/li>\r\n<li class=\"blocks-gallery-item\">\r\n<figure><img loading=\"lazy\" decoding=\"async\" width=\"720\" height=\"480\" class=\"wp-image-348\" src=\"http:\/\/ferienwohnanlage.haususedom.de\/wp-content\/uploads\/2020\/02\/haus_usedom_059.jpg\" alt=\"\" data-id=\"348\" data-link=\"http:\/\/ferienwohnanlage.haususedom.de\/?attachment_id=348\" data-full-url=\"http:\/\/ferienwohnanlage.haususedom.de\/wp-content\/uploads\/2020\/02\/haus_usedom_059.jpg\" srcset=\"https:\/\/haususedom.de\/wp-content\/uploads\/2020\/02\/haus_usedom_059.jpg 720w, https:\/\/haususedom.de\/wp-content\/uploads\/2020\/02\/haus_usedom_059-300x200.jpg 300w\" sizes=\"(max-width: 720px) 100vw, 720px\" \/>\r\n<figcaption class=\"blocks-gallery-item__caption\">Haus USEDOM<\/figcaption>\r\n<\/figure>\r\n<\/li>\r\n<li class=\"blocks-gallery-item\">\r\n<figure><img loading=\"lazy\" decoding=\"async\" width=\"720\" height=\"480\" class=\"wp-image-350\" src=\"http:\/\/ferienwohnanlage.haususedom.de\/wp-content\/uploads\/2020\/02\/haus_usedom_064_1.jpg\" alt=\"\" data-id=\"350\" data-link=\"http:\/\/ferienwohnanlage.haususedom.de\/?attachment_id=350\" data-full-url=\"http:\/\/ferienwohnanlage.haususedom.de\/wp-content\/uploads\/2020\/02\/haus_usedom_064_1.jpg\" srcset=\"https:\/\/haususedom.de\/wp-content\/uploads\/2020\/02\/haus_usedom_064_1.jpg 720w, https:\/\/haususedom.de\/wp-content\/uploads\/2020\/02\/haus_usedom_064_1-300x200.jpg 300w\" sizes=\"(max-width: 720px) 100vw, 720px\" \/>\r\n<figcaption class=\"blocks-gallery-item__caption\">Haus USEDOM<\/figcaption>\r\n<\/figure>\r\n<\/li>\r\n<li class=\"blocks-gallery-item\">\r\n<figure><img loading=\"lazy\" decoding=\"async\" width=\"718\" height=\"480\" class=\"wp-image-351\" src=\"http:\/\/ferienwohnanlage.haususedom.de\/wp-content\/uploads\/2020\/02\/haus_usedom_6.jpg\" alt=\"\" data-id=\"351\" data-link=\"http:\/\/ferienwohnanlage.haususedom.de\/?attachment_id=351\" data-full-url=\"http:\/\/ferienwohnanlage.haususedom.de\/wp-content\/uploads\/2020\/02\/haus_usedom_6.jpg\" srcset=\"https:\/\/haususedom.de\/wp-content\/uploads\/2020\/02\/haus_usedom_6.jpg 718w, https:\/\/haususedom.de\/wp-content\/uploads\/2020\/02\/haus_usedom_6-300x201.jpg 300w\" sizes=\"(max-width: 718px) 100vw, 718px\" \/>\r\n<figcaption class=\"blocks-gallery-item__caption\">Haus USEDOM<\/figcaption>\r\n<\/figure>\r\n<\/li>\r\n<li class=\"blocks-gallery-item\">\r\n<figure><img loading=\"lazy\" decoding=\"async\" width=\"718\" height=\"480\" class=\"wp-image-499\" src=\"http:\/\/ferienwohnanlage.haususedom.de\/wp-content\/uploads\/2020\/02\/appartement1.jpg\" alt=\"\" data-id=\"499\" data-link=\"http:\/\/ferienwohnanlage.haususedom.de\/?attachment_id=499\" data-full-url=\"http:\/\/ferienwohnanlage.haususedom.de\/wp-content\/uploads\/2020\/02\/appartement1.jpg\" srcset=\"https:\/\/haususedom.de\/wp-content\/uploads\/2020\/02\/appartement1.jpg 718w, https:\/\/haususedom.de\/wp-content\/uploads\/2020\/02\/appartement1-300x201.jpg 300w\" sizes=\"(max-width: 718px) 100vw, 718px\" \/>\r\n<figcaption class=\"blocks-gallery-item__caption\">2-Raum-Appartement<\/figcaption>\r\n<\/figure>\r\n<\/li>\r\n<li class=\"blocks-gallery-item\">&nbsp;<\/li>\r\n<\/ul>\r\n<\/figure>\r\n<p>\r\n\r\n<\/p>\r\n<p><br>Zwei-Raum-Appartements f\u00fcr bis zu 6 Personen, jedes ca. 50 m\u00b2 gro\u00df, mit Balkon oder Terrasse, Sat-TV, Radio, Haar-F\u00f6n, voll eingerichtete K\u00fcche, Dusch-Bad\/WC. Multi-Fitness-Center, Sauna, Solarium Pool-Billardraum kleiner Konferenzraum, 15 Personen Fahrrad-Unterstand 68 Parkpl\u00e4tze, 5,- Euro pro Tag, <span style=\"background-color: #ffffff;\"><b><u>WLAN i<\/u><\/b><\/span><span style=\"font-size: 12pt; font-family: Calibri, Helvetica, sans-serif; background-color: #ffffff;\"><b><u>n allen&nbsp;Zimmern und Appartements kostenlos verf\u00fcgbar!<\/u><\/b><\/span><\/p>\r\n<p>\r\n\r\n\r\n\r\n<\/p>\r\n<div class=\"wp-block-group\"><div class=\"wp-block-group__inner-container\">\r\n<div class=\"wp-block-group__inner-container is-layout-flow wp-block-group-is-layout-flow\">\r\n<figure class=\"wp-block-gallery columns-3 wp-block-gallery-2 is-layout-flex wp-block-gallery-is-layout-flex\"><\/figure>\r\n<\/div>\r\n<\/div><\/div>\r\n<p><\/p>","protected":false},"excerpt":{"rendered":"","protected":false},"author":1,"featured_media":809,"parent":51,"menu_order":0,"comment_status":"closed","ping_status":"closed","template":"template\/page-fullwidth.php","meta":{"_exactmetrics_skip_tracking":false,"_exactmetrics_sitenote_active":false,"_exactmetrics_sitenote_note":"","_exactmetrics_sitenote_category":0,"_monsterinsights_skip_tracking":false,"_monsterinsights_sitenote_active":false,"_monsterinsights_sitenote_note":"","_monsterinsights_sitenote_category":0,"ngg_post_thumbnail":0,"footnotes":""},"class_list":["post-333","page","type-page","status-publish","has-post-thumbnail","hentry"],"aioseo_notices":[],"_links":{"self":[{"href":"https:\/\/haususedom.de\/index.php?rest_route=\/wp\/v2\/pages\/333"}],"collection":[{"href":"https:\/\/haususedom.de\/index.php?rest_route=\/wp\/v2\/pages"}],"about":[{"href":"https:\/\/haususedom.de\/index.php?rest_route=\/wp\/v2\/types\/page"}],"author":[{"embeddable":true,"href":"https:\/\/haususedom.de\/index.php?rest_route=\/wp\/v2\/users\/1"}],"replies":[{"embeddable":true,"href":"https:\/\/haususedom.de\/index.php?rest_route=%2Fwp%2Fv2%2Fcomments&post=333"}],"version-history":[{"count":33,"href":"https:\/\/haususedom.de\/index.php?rest_route=\/wp\/v2\/pages\/333\/revisions"}],"predecessor-version":[{"id":1779,"href":"https:\/\/haususedom.de\/index.php?rest_route=\/wp\/v2\/pages\/333\/revisions\/1779"}],"up":[{"embeddable":true,"href":"https:\/\/haususedom.de\/index.php?rest_route=\/wp\/v2\/pages\/51"}],"wp:featuredmedia":[{"embeddable":true,"href":"https:\/\/haususedom.de\/index.php?rest_route=\/wp\/v2\/media\/809"}],"wp:attachment":[{"href":"https:\/\/haususedom.de\/index.php?rest_route=%2Fwp%2Fv2%2Fmedia&parent=333"}],"curies":[{"name":"wp","href":"https:\/\/api.w.org\/{rel}","templated":true}]}}