{"id":1067,"date":"2020-03-27T10:05:02","date_gmt":"2020-03-27T10:05:02","guid":{"rendered":"http:\/\/ferienwohnanlage.haususedom.de\/?page_id=1067"},"modified":"2023-12-12T10:44:49","modified_gmt":"2023-12-12T10:44:49","slug":"agbs","status":"publish","type":"page","link":"https:\/\/haususedom.de\/?page_id=1067","title":{"rendered":"AGB&#8217;s Haus USEDOM"},"content":{"rendered":"<p><strong>Regeln f\u00fcr die Zimmervermietung &amp; App. &amp; FeWo<\/strong><\/p>\n<p>Auszug aus der Deutschen Hotelordnung,<br \/>\nsowie die AGB des App.-Hotels HAUS USEDOM<br \/>\nThorsten Tripcke Einzelunternehmer,<br \/>\nStrandstra\u00dfe 16, 17459 Seebad Loddin OT K\u00f6lpinsee<\/p>\n<p>Herausgegeben von der Fachgruppe Hotels und verwandte Betriebe im Deutschen Hotel- und Gastst\u00e4ttenverband e.V. (DEHOGA).<\/p>\n<p>1. Der Gastaufnahmevertrag gilt als abgeschlossen, sobald ein Zimmer bzw. eine Wohnung m\u00fcndlich oder schriftlich bestellt und zugesagt oder &#8211; falls eine Zusage aus Zeitgr\u00fcnden nicht mehr m\u00f6glich war &#8211; bereitgestellt worden ist.<br \/>\n2. Die Vertragspartner sind Gast und Vermieter.<br \/>\nDer Abschluss des Gastaufnahmevertrages verpflichtet die Vertragspartner zur Erf\u00fcllung des Vertrages.<br \/>\n3. a) Der Vermieter ist verpflichtet, bei Nichtbereitstellung des Zimmers oder der Wohnung&nbsp;dem Gast Schadenersatz zu leisten.<br \/>\n&nbsp;&nbsp;&nbsp; b) Der Gast ist verpflichtet, bei Nichtinanspruchnahme der vertraglichen Leistungen den vereinbarten oder betriebs\u00fcblichen Preis zu zahlen, abz\u00fcglich der vom Vermieter ersparten Aufwendungen.<br \/>\n&nbsp;&nbsp;&nbsp; c) Die Einsparungen betragen nach den Erfahrungss\u00e4tzen:<br \/>\n&nbsp;&nbsp;&nbsp;&nbsp;&nbsp;&nbsp;&nbsp; 10% des Preises f\u00fcr \u00dcbernachtung in Ferienwohnungen<br \/>\n&nbsp;&nbsp;&nbsp;&nbsp;&nbsp;&nbsp;&nbsp; 20% des Preises f\u00fcr \u00dcbernachtung mit Fr\u00fchst\u00fcck<br \/>\n&nbsp;&nbsp;&nbsp;&nbsp;&nbsp;&nbsp;&nbsp;<br \/>\n4. Der Vermieter ist nach Treu und Glauben gehalten, nicht in Anspruch genommene Quartier nach M\u00f6glichkeit anderweitig zu vermieten, um den Schaden so gering wie m\u00f6glich zu&nbsp;halten. Bis zur anderweitigen Vermietung hat der Gast f\u00fcr die Dauer des Vertrages den vereinbarten Preis abz\u00fcglich der o.g. Einsparungen zu zahlen.<br \/>\n5. An- und Abreisetag gelten als ein Tag. Am Anreisetag steht dem Gast in der Regel das bestellte Quartier ab 15:00 Uhr zur Verf\u00fcgung. Am Abreisetag mu\u00df das Quartier, wenn nicht anders vereinbart ist, bis 10:00 Uhr ger\u00e4umt sein. Bei kurzzeitiger Vermietung (bis zu&nbsp;3 Tagen) ist der Vermieter berechtigt einen angemessenen Aufschlag zu erheben.<br \/>\n6. Der Vermieter haftet nicht f\u00fcr Sch\u00e4den des Gastes, die durch den Verlust, die Zerst\u00f6rung&nbsp;oder die Besch\u00e4digung von Sachen entstanden sind, die ein aufgenommener Gast in den Betrieb des Vermieters eingebracht hat. Dies gilt nicht f\u00fcr Sch\u00e4den an eingebrachten Sachen des Gastes, die der Vermieter oder dessen Erf\u00fcllungsgehilfen vors\u00e4tzlich oder grob fahrl\u00e4ssig verursacht haben.<br \/>\n7. Der Gast ist haftbar f\u00fcr die von ihm in den Unterk\u00fcnften angerichteten Sch\u00e4den.<br \/>\n7.1.&nbsp; Der Gastgeber haftet nicht f\u00fcr vom Gast eingebrachte Gegenst\u00e4nde oder Bargeld, Entwendungen aus dem Gastzimmer sind nicht durch den Gastgeber versichert!<br \/>\n8. Alle Unstimmigkeiten und Auseinandersetzungen, die sich aus diesem Vertrag ergeben k\u00f6nnten, sollen einvernehmlich beigelegt werden. Sollte dies nicht m\u00f6glich sein, so gilt f\u00fcr den Fall einer gerichtlichen Auseinandersetzung der Gerichtsstand Wolgast.<br \/>\n9. Dieser Vertrag tritt mit beidseitiger Unterzeichnung in Kraft.<br \/>\n10. M\u00fcndliche Nebenabreden bestehen nicht.<\/p>\n<p>Des Weiteren bitten wir zu beachten:<\/p>\n<p>&#8211;&nbsp;&nbsp;&nbsp;&nbsp; <strong>Wir empfehlen den Abschluss einer Reiser\u00fccktrittskostenversicherung.<br \/>\n<\/strong>&#8211;&nbsp;&nbsp;&nbsp;&nbsp; Das Empfangen von Besuchern ist nur mit Erlaubnis des Vermieters m\u00f6glich.<br \/>\n<strong>Bitte melden Sie Ihre Besucher rechtzeitig bei der Rezeption an.<br \/>\n<\/strong>&#8211;&nbsp;&nbsp;&nbsp;&nbsp; Das gebuchte\/bereitgestellte Ferienquartier ist am Anreisetag<strong> bis 18:00 Uhr<\/strong> zu \u00fcbernehmen.<\/p>\n<p><strong>Wir w\u00fcnschen Ihnen eine angenehme Anreise!<\/strong><\/p>\n<p>&nbsp;<\/p>\n","protected":false},"excerpt":{"rendered":"<p>Regeln f\u00fcr die Zimmervermietung &amp; App. &amp; FeWo Auszug aus der Deutschen Hotelordnung, sowie die AGB des App.-Hotels HAUS USEDOM Thorsten Tripcke Einzelunternehmer, Strandstra\u00dfe 16, 17459 Seebad Loddin OT K\u00f6lpinsee Herausgegeben von der Fachgruppe Hotels &#8230;<\/p>\n","protected":false},"author":1,"featured_media":0,"parent":0,"menu_order":0,"comment_status":"closed","ping_status":"closed","template":"","meta":{"_exactmetrics_skip_tracking":false,"_exactmetrics_sitenote_active":false,"_exactmetrics_sitenote_note":"","_exactmetrics_sitenote_category":0,"_monsterinsights_skip_tracking":false,"_monsterinsights_sitenote_active":false,"_monsterinsights_sitenote_note":"","_monsterinsights_sitenote_category":0,"ngg_post_thumbnail":0,"footnotes":""},"class_list":["post-1067","page","type-page","status-publish","hentry"],"aioseo_notices":[],"_links":{"self":[{"href":"https:\/\/haususedom.de\/index.php?rest_route=\/wp\/v2\/pages\/1067"}],"collection":[{"href":"https:\/\/haususedom.de\/index.php?rest_route=\/wp\/v2\/pages"}],"about":[{"href":"https:\/\/haususedom.de\/index.php?rest_route=\/wp\/v2\/types\/page"}],"author":[{"embeddable":true,"href":"https:\/\/haususedom.de\/index.php?rest_route=\/wp\/v2\/users\/1"}],"replies":[{"embeddable":true,"href":"https:\/\/haususedom.de\/index.php?rest_route=%2Fwp%2Fv2%2Fcomments&post=1067"}],"version-history":[{"count":6,"href":"https:\/\/haususedom.de\/index.php?rest_route=\/wp\/v2\/pages\/1067\/revisions"}],"predecessor-version":[{"id":1567,"href":"https:\/\/haususedom.de\/index.php?rest_route=\/wp\/v2\/pages\/1067\/revisions\/1567"}],"wp:attachment":[{"href":"https:\/\/haususedom.de\/index.php?rest_route=%2Fwp%2Fv2%2Fmedia&parent=1067"}],"curies":[{"name":"wp","href":"https:\/\/api.w.org\/{rel}","templated":true}]}}